{"id":2960,"date":"2025-03-13T08:34:31","date_gmt":"2025-03-13T07:34:31","guid":{"rendered":"https:\/\/xn--kersbergaelektriska-zwb.se\/?page_id=2960"},"modified":"2025-04-22T12:25:15","modified_gmt":"2025-04-22T10:25:15","slug":"din-elektriker-for-laddbox-i-taby","status":"publish","type":"page","link":"https:\/\/xn--tbyelektriska-bfb.se\/?page_id=2960","title":{"rendered":"Laddbox"},"content":{"rendered":"","protected":false},"excerpt":{"rendered":"","protected":false},"author":1,"featured_media":3341,"parent":0,"menu_order":0,"comment_status":"closed","ping_status":"closed","template":"","meta":{"_uag_custom_page_level_css":"","site-sidebar-layout":"default","site-content-layout":"","ast-site-content-layout":"default","site-content-style":"default","site-sidebar-style":"default","ast-global-header-display":"","ast-banner-title-visibility":"","ast-main-header-display":"","ast-hfb-above-header-display":"","ast-hfb-below-header-display":"","ast-hfb-mobile-header-display":"","site-post-title":"","ast-breadcrumbs-content":"","ast-featured-img":"","footer-sml-layout":"","theme-transparent-header-meta":"","adv-header-id-meta":"","stick-header-meta":"","header-above-stick-meta":"","header-main-stick-meta":"","header-below-stick-meta":"","astra-migrate-meta-layouts":"set","ast-page-background-enabled":"default","ast-page-background-meta":{"desktop":{"background-color":"var(--ast-global-color-4)","background-image":"","background-repeat":"repeat","background-position":"center center","background-size":"auto","background-attachment":"scroll","background-type":"","background-media":"","overlay-type":"","overlay-color":"","overlay-opacity":"","overlay-gradient":""},"tablet":{"background-color":"","background-image":"","background-repeat":"repeat","background-position":"center center","background-size":"auto","background-attachment":"scroll","background-type":"","background-media":"","overlay-type":"","overlay-color":"","overlay-opacity":"","overlay-gradient":""},"mobile":{"background-color":"","background-image":"","background-repeat":"repeat","background-position":"center center","background-size":"auto","background-attachment":"scroll","background-type":"","background-media":"","overlay-type":"","overlay-color":"","overlay-opacity":"","overlay-gradient":""}},"ast-content-background-meta":{"desktop":{"background-color":"var(--ast-global-color-5)","background-image":"","background-repeat":"repeat","background-position":"center center","background-size":"auto","background-attachment":"scroll","background-type":"","background-media":"","overlay-type":"","overlay-color":"","overlay-opacity":"","overlay-gradient":""},"tablet":{"background-color":"var(--ast-global-color-5)","background-image":"","background-repeat":"repeat","background-position":"center center","background-size":"auto","background-attachment":"scroll","background-type":"","background-media":"","overlay-type":"","overlay-color":"","overlay-opacity":"","overlay-gradient":""},"mobile":{"background-color":"var(--ast-global-color-5)","background-image":"","background-repeat":"repeat","background-position":"center center","background-size":"auto","background-attachment":"scroll","background-type":"","background-media":"","overlay-type":"","overlay-color":"","overlay-opacity":"","overlay-gradient":""}},"footnotes":""},"class_list":["post-2960","page","type-page","status-publish","has-post-thumbnail","hentry"],"yoast_head":"<!-- This site is optimized with the Yoast SEO plugin v25.1 - https:\/\/yoast.com\/wordpress\/plugins\/seo\/ -->\n<title>Laddbox installation T\u00e4by - Installation av Laddbox f\u00f6r Elbil<\/title>\n<meta name=\"description\" content=\"Laddbox installation T\u00e4by? Anlita v\u00e5ra beh\u00f6riga elektriker f\u00f6r s\u00e4ker och snabb installation. F\u00e5 en kostnadsfri offert idag!\" \/>\n<meta name=\"robots\" content=\"index, follow, max-snippet:-1, max-image-preview:large, max-video-preview:-1\" \/>\n<link rel=\"canonical\" href=\"https:\/\/www.xn--tbyelektriska-bfb.se\/?page_id=2960\" \/>\n<meta property=\"og:locale\" content=\"sv_SE\" \/>\n<meta property=\"og:type\" content=\"article\" \/>\n<meta property=\"og:title\" content=\"Laddbox installation T\u00e4by - Installation av Laddbox f\u00f6r Elbil\" \/>\n<meta property=\"og:description\" content=\"Laddbox installation T\u00e4by? Anlita v\u00e5ra beh\u00f6riga elektriker f\u00f6r s\u00e4ker och snabb installation. F\u00e5 en kostnadsfri offert idag!\" \/>\n<meta property=\"og:url\" content=\"https:\/\/www.xn--tbyelektriska-bfb.se\/?page_id=2960\" \/>\n<meta property=\"og:site_name\" content=\"Elektriker T\u00e4by\" \/>\n<meta property=\"article:publisher\" content=\"https:\/\/www.facebook.com\/profile.php?id=61555924331954\" \/>\n<meta property=\"article:modified_time\" content=\"2025-04-22T10:25:15+00:00\" \/>\n<meta property=\"og:image\" content=\"https:\/\/www.xn--tbyelektriska-bfb.se\/wp-content\/uploads\/2025\/03\/64BC4F12-EE8F-4C57-8172-2AD182890BF7-scaled.jpg\" \/>\n\t<meta property=\"og:image:width\" content=\"1440\" \/>\n\t<meta property=\"og:image:height\" content=\"2560\" \/>\n\t<meta property=\"og:image:type\" content=\"image\/jpeg\" \/>\n<meta name=\"twitter:card\" content=\"summary_large_image\" \/>\n<meta name=\"twitter:label1\" content=\"Ber\u00e4knad l\u00e4stid\" \/>\n\t<meta name=\"twitter:data1\" content=\"1 minut\" \/>\n<script type=\"application\/ld+json\" class=\"yoast-schema-graph\">{\"@context\":\"https:\/\/schema.org\",\"@graph\":[{\"@type\":\"WebPage\",\"@id\":\"https:\/\/www.xn--tbyelektriska-bfb.se\/?page_id=2960\",\"url\":\"https:\/\/www.xn--tbyelektriska-bfb.se\/?page_id=2960\",\"name\":\"Laddbox installation T\u00e4by - Installation av Laddbox f\u00f6r Elbil\",\"isPartOf\":{\"@id\":\"https:\/\/xn--tbyelektriska-bfb.se\/#website\"},\"primaryImageOfPage\":{\"@id\":\"https:\/\/www.xn--tbyelektriska-bfb.se\/?page_id=2960#primaryimage\"},\"image\":{\"@id\":\"https:\/\/www.xn--tbyelektriska-bfb.se\/?page_id=2960#primaryimage\"},\"thumbnailUrl\":\"https:\/\/xn--tbyelektriska-bfb.se\/wp-content\/uploads\/2025\/03\/64BC4F12-EE8F-4C57-8172-2AD182890BF7-scaled.jpg\",\"datePublished\":\"2025-03-13T07:34:31+00:00\",\"dateModified\":\"2025-04-22T10:25:15+00:00\",\"description\":\"Laddbox installation T\u00e4by? Anlita v\u00e5ra beh\u00f6riga elektriker f\u00f6r s\u00e4ker och snabb installation. F\u00e5 en kostnadsfri offert idag!\",\"breadcrumb\":{\"@id\":\"https:\/\/www.xn--tbyelektriska-bfb.se\/?page_id=2960#breadcrumb\"},\"inLanguage\":\"sv-SE\",\"potentialAction\":[{\"@type\":\"ReadAction\",\"target\":[\"https:\/\/www.xn--tbyelektriska-bfb.se\/?page_id=2960\"]}]},{\"@type\":\"ImageObject\",\"inLanguage\":\"sv-SE\",\"@id\":\"https:\/\/www.xn--tbyelektriska-bfb.se\/?page_id=2960#primaryimage\",\"url\":\"https:\/\/xn--tbyelektriska-bfb.se\/wp-content\/uploads\/2025\/03\/64BC4F12-EE8F-4C57-8172-2AD182890BF7-scaled.jpg\",\"contentUrl\":\"https:\/\/xn--tbyelektriska-bfb.se\/wp-content\/uploads\/2025\/03\/64BC4F12-EE8F-4C57-8172-2AD182890BF7-scaled.jpg\",\"width\":1440,\"height\":2560,\"caption\":\"Elektriker T\u00e4by och Stockholm\"},{\"@type\":\"BreadcrumbList\",\"@id\":\"https:\/\/www.xn--tbyelektriska-bfb.se\/?page_id=2960#breadcrumb\",\"itemListElement\":[{\"@type\":\"ListItem\",\"position\":1,\"name\":\"Home\",\"item\":\"https:\/\/xn--tbyelektriska-bfb.se\/\"},{\"@type\":\"ListItem\",\"position\":2,\"name\":\"Laddbox\"}]},{\"@type\":\"WebSite\",\"@id\":\"https:\/\/xn--tbyelektriska-bfb.se\/#website\",\"url\":\"https:\/\/xn--tbyelektriska-bfb.se\/\",\"name\":\"Elektriker \u00c5kersberga och Stockholm - ElektrikerNu i Sverige AB\",\"description\":\"elektriker-t\u00e4by\",\"publisher\":{\"@id\":\"https:\/\/xn--tbyelektriska-bfb.se\/#organization\"},\"potentialAction\":[{\"@type\":\"SearchAction\",\"target\":{\"@type\":\"EntryPoint\",\"urlTemplate\":\"https:\/\/xn--tbyelektriska-bfb.se\/?s={search_term_string}\"},\"query-input\":{\"@type\":\"PropertyValueSpecification\",\"valueRequired\":true,\"valueName\":\"search_term_string\"}}],\"inLanguage\":\"sv-SE\"},{\"@type\":\"Organization\",\"@id\":\"https:\/\/xn--tbyelektriska-bfb.se\/#organization\",\"name\":\"ElektrikerNu i Sverige AB\",\"url\":\"https:\/\/xn--tbyelektriska-bfb.se\/\",\"logo\":{\"@type\":\"ImageObject\",\"inLanguage\":\"sv-SE\",\"@id\":\"https:\/\/xn--tbyelektriska-bfb.se\/#\/schema\/logo\/image\/\",\"url\":\"https:\/\/xn--tbyelektriska-bfb.se\/wp-content\/uploads\/2025\/03\/cropped-Logo-23-1.webp\",\"contentUrl\":\"https:\/\/xn--tbyelektriska-bfb.se\/wp-content\/uploads\/2025\/03\/cropped-Logo-23-1.webp\",\"width\":1920,\"height\":639,\"caption\":\"ElektrikerNu i Sverige AB\"},\"image\":{\"@id\":\"https:\/\/xn--tbyelektriska-bfb.se\/#\/schema\/logo\/image\/\"},\"sameAs\":[\"https:\/\/www.facebook.com\/profile.php?id=61555924331954\",\"https:\/\/www.instagram.com\/elektrikernu\/\"]}]}<\/script>\n<!-- \/ Yoast SEO plugin. -->","yoast_head_json":{"title":"Laddbox installation T\u00e4by - Installation av Laddbox f\u00f6r Elbil","description":"Laddbox installation T\u00e4by? Anlita v\u00e5ra beh\u00f6riga elektriker f\u00f6r s\u00e4ker och snabb installation. F\u00e5 en kostnadsfri offert idag!","robots":{"index":"index","follow":"follow","max-snippet":"max-snippet:-1","max-image-preview":"max-image-preview:large","max-video-preview":"max-video-preview:-1"},"canonical":"https:\/\/www.xn--tbyelektriska-bfb.se\/?page_id=2960","og_locale":"sv_SE","og_type":"article","og_title":"Laddbox installation T\u00e4by - Installation av Laddbox f\u00f6r Elbil","og_description":"Laddbox installation T\u00e4by? Anlita v\u00e5ra beh\u00f6riga elektriker f\u00f6r s\u00e4ker och snabb installation. F\u00e5 en kostnadsfri offert idag!","og_url":"https:\/\/www.xn--tbyelektriska-bfb.se\/?page_id=2960","og_site_name":"Elektriker T\u00e4by","article_publisher":"https:\/\/www.facebook.com\/profile.php?id=61555924331954","article_modified_time":"2025-04-22T10:25:15+00:00","og_image":[{"width":1440,"height":2560,"url":"https:\/\/www.xn--tbyelektriska-bfb.se\/wp-content\/uploads\/2025\/03\/64BC4F12-EE8F-4C57-8172-2AD182890BF7-scaled.jpg","type":"image\/jpeg"}],"twitter_card":"summary_large_image","twitter_misc":{"Ber\u00e4knad l\u00e4stid":"1 minut"},"schema":{"@context":"https:\/\/schema.org","@graph":[{"@type":"WebPage","@id":"https:\/\/www.xn--tbyelektriska-bfb.se\/?page_id=2960","url":"https:\/\/www.xn--tbyelektriska-bfb.se\/?page_id=2960","name":"Laddbox installation T\u00e4by - Installation av Laddbox f\u00f6r Elbil","isPartOf":{"@id":"https:\/\/xn--tbyelektriska-bfb.se\/#website"},"primaryImageOfPage":{"@id":"https:\/\/www.xn--tbyelektriska-bfb.se\/?page_id=2960#primaryimage"},"image":{"@id":"https:\/\/www.xn--tbyelektriska-bfb.se\/?page_id=2960#primaryimage"},"thumbnailUrl":"https:\/\/xn--tbyelektriska-bfb.se\/wp-content\/uploads\/2025\/03\/64BC4F12-EE8F-4C57-8172-2AD182890BF7-scaled.jpg","datePublished":"2025-03-13T07:34:31+00:00","dateModified":"2025-04-22T10:25:15+00:00","description":"Laddbox installation T\u00e4by? Anlita v\u00e5ra beh\u00f6riga elektriker f\u00f6r s\u00e4ker och snabb installation. F\u00e5 en kostnadsfri offert idag!","breadcrumb":{"@id":"https:\/\/www.xn--tbyelektriska-bfb.se\/?page_id=2960#breadcrumb"},"inLanguage":"sv-SE","potentialAction":[{"@type":"ReadAction","target":["https:\/\/www.xn--tbyelektriska-bfb.se\/?page_id=2960"]}]},{"@type":"ImageObject","inLanguage":"sv-SE","@id":"https:\/\/www.xn--tbyelektriska-bfb.se\/?page_id=2960#primaryimage","url":"https:\/\/xn--tbyelektriska-bfb.se\/wp-content\/uploads\/2025\/03\/64BC4F12-EE8F-4C57-8172-2AD182890BF7-scaled.jpg","contentUrl":"https:\/\/xn--tbyelektriska-bfb.se\/wp-content\/uploads\/2025\/03\/64BC4F12-EE8F-4C57-8172-2AD182890BF7-scaled.jpg","width":1440,"height":2560,"caption":"Elektriker T\u00e4by och Stockholm"},{"@type":"BreadcrumbList","@id":"https:\/\/www.xn--tbyelektriska-bfb.se\/?page_id=2960#breadcrumb","itemListElement":[{"@type":"ListItem","position":1,"name":"Home","item":"https:\/\/xn--tbyelektriska-bfb.se\/"},{"@type":"ListItem","position":2,"name":"Laddbox"}]},{"@type":"WebSite","@id":"https:\/\/xn--tbyelektriska-bfb.se\/#website","url":"https:\/\/xn--tbyelektriska-bfb.se\/","name":"Elektriker \u00c5kersberga och Stockholm - ElektrikerNu i Sverige AB","description":"elektriker-t\u00e4by","publisher":{"@id":"https:\/\/xn--tbyelektriska-bfb.se\/#organization"},"potentialAction":[{"@type":"SearchAction","target":{"@type":"EntryPoint","urlTemplate":"https:\/\/xn--tbyelektriska-bfb.se\/?s={search_term_string}"},"query-input":{"@type":"PropertyValueSpecification","valueRequired":true,"valueName":"search_term_string"}}],"inLanguage":"sv-SE"},{"@type":"Organization","@id":"https:\/\/xn--tbyelektriska-bfb.se\/#organization","name":"ElektrikerNu i Sverige AB","url":"https:\/\/xn--tbyelektriska-bfb.se\/","logo":{"@type":"ImageObject","inLanguage":"sv-SE","@id":"https:\/\/xn--tbyelektriska-bfb.se\/#\/schema\/logo\/image\/","url":"https:\/\/xn--tbyelektriska-bfb.se\/wp-content\/uploads\/2025\/03\/cropped-Logo-23-1.webp","contentUrl":"https:\/\/xn--tbyelektriska-bfb.se\/wp-content\/uploads\/2025\/03\/cropped-Logo-23-1.webp","width":1920,"height":639,"caption":"ElektrikerNu i Sverige AB"},"image":{"@id":"https:\/\/xn--tbyelektriska-bfb.se\/#\/schema\/logo\/image\/"},"sameAs":["https:\/\/www.facebook.com\/profile.php?id=61555924331954","https:\/\/www.instagram.com\/elektrikernu\/"]}]}},"uagb_featured_image_src":{"full":["https:\/\/xn--tbyelektriska-bfb.se\/wp-content\/uploads\/2025\/03\/64BC4F12-EE8F-4C57-8172-2AD182890BF7-scaled.jpg",1440,2560,false],"thumbnail":["https:\/\/xn--tbyelektriska-bfb.se\/wp-content\/uploads\/2025\/03\/64BC4F12-EE8F-4C57-8172-2AD182890BF7-150x150.jpg",150,150,true],"medium":["https:\/\/xn--tbyelektriska-bfb.se\/wp-content\/uploads\/2025\/03\/64BC4F12-EE8F-4C57-8172-2AD182890BF7-169x300.jpg",169,300,true],"medium_large":["https:\/\/xn--tbyelektriska-bfb.se\/wp-content\/uploads\/2025\/03\/64BC4F12-EE8F-4C57-8172-2AD182890BF7-768x1365.jpg",768,1365,true],"large":["https:\/\/xn--tbyelektriska-bfb.se\/wp-content\/uploads\/2025\/03\/64BC4F12-EE8F-4C57-8172-2AD182890BF7-576x1024.jpg",576,1024,true],"1536x1536":["https:\/\/xn--tbyelektriska-bfb.se\/wp-content\/uploads\/2025\/03\/64BC4F12-EE8F-4C57-8172-2AD182890BF7-864x1536.jpg",864,1536,true],"2048x2048":["https:\/\/xn--tbyelektriska-bfb.se\/wp-content\/uploads\/2025\/03\/64BC4F12-EE8F-4C57-8172-2AD182890BF7-1152x2048.jpg",1152,2048,true]},"uagb_author_info":{"display_name":"ruzzel.jk@gmail.com","author_link":"https:\/\/xn--tbyelektriska-bfb.se\/?author=1"},"uagb_comment_info":0,"uagb_excerpt":null,"_links":{"self":[{"href":"https:\/\/xn--tbyelektriska-bfb.se\/index.php?rest_route=\/wp\/v2\/pages\/2960","targetHints":{"allow":["GET"]}}],"collection":[{"href":"https:\/\/xn--tbyelektriska-bfb.se\/index.php?rest_route=\/wp\/v2\/pages"}],"about":[{"href":"https:\/\/xn--tbyelektriska-bfb.se\/index.php?rest_route=\/wp\/v2\/types\/page"}],"author":[{"embeddable":true,"href":"https:\/\/xn--tbyelektriska-bfb.se\/index.php?rest_route=\/wp\/v2\/users\/1"}],"replies":[{"embeddable":true,"href":"https:\/\/xn--tbyelektriska-bfb.se\/index.php?rest_route=%2Fwp%2Fv2%2Fcomments&post=2960"}],"version-history":[{"count":1,"href":"https:\/\/xn--tbyelektriska-bfb.se\/index.php?rest_route=\/wp\/v2\/pages\/2960\/revisions"}],"predecessor-version":[{"id":2961,"href":"https:\/\/xn--tbyelektriska-bfb.se\/index.php?rest_route=\/wp\/v2\/pages\/2960\/revisions\/2961"}],"wp:featuredmedia":[{"embeddable":true,"href":"https:\/\/xn--tbyelektriska-bfb.se\/index.php?rest_route=\/wp\/v2\/media\/3341"}],"wp:attachment":[{"href":"https:\/\/xn--tbyelektriska-bfb.se\/index.php?rest_route=%2Fwp%2Fv2%2Fmedia&parent=2960"}],"curies":[{"name":"wp","href":"https:\/\/api.w.org\/{rel}","templated":true}]}}